{"id":14,"date":"2023-08-28T14:38:24","date_gmt":"2023-08-28T14:38:24","guid":{"rendered":"https:\/\/ergo.hochulisolution.ch\/?page_id=14"},"modified":"2024-02-08T13:24:40","modified_gmt":"2024-02-08T13:24:40","slug":"behandlungen","status":"publish","type":"page","link":"https:\/\/ergo-daheim.ch\/?page_id=14","title":{"rendered":"Behandlungen"},"content":{"rendered":"\n<p>Seit 1999&nbsp;arbeite ich als selbstst\u00e4ndige Ergotherapeutin<\/p>\n\n\n\n<p>Meine Praxis ist rollstuhlg\u00e4ngig. Parkpl\u00e4tze sind direkt vor der Praxis vorhanden.<\/p>\n\n\n\n<p>Fachgebiete:<\/p>\n\n\n\n<p>P\u00e4diatrie, Kinderbobath Kurs, Neurologie, Ess- und Schlucktraining, Geriatrie, Einfache Handverletzungen ohne Schienenbau<\/p>\n\n\n\n<p>Sie bestimmen die T\u00e4tigkeit die f\u00fcr Sie wichtig und von Bedeutung ist. Ich finde Wege mit Ihnen diese Ziele sinnvoll umzusetzen und zu trainieren.<\/p>\n\n\n\n<p>Einsatzgebiet: &nbsp;&nbsp;<\/p>\n\n\n\n<p>Basel, Laufental, Schwarzbubenland, Hinteres Birstal sowie Bezirk Waldenburg. Andere Gebiete auf Anfrage.&nbsp;<\/p>\n\n\n\n<p>Behandlungsformen:&nbsp;<\/p>\n\n\n\n<p>Einzelbehandlungen, auch als Domizilbehandlung. Oft arbeite ich auch integrativ in&nbsp;Schulen, Kindergarten oder Institutionen (Altersheime, Behindertenheime).&nbsp;<\/p>\n\n\n\n<p>Gerne nehme ich meinen Hund Sinatra mit zu den Behandlungen. Er hilft mir in der Therapie und unterst\u00fctzt die Behandlungsziele umzusetzen.<\/p>\n\n\n\n<figure class=\"wp-block-image size-full\"><img loading=\"lazy\" decoding=\"async\" width=\"768\" height=\"1024\" src=\"https:\/\/ergo-daheim.ch\/wp-content\/uploads\/2024\/02\/PHOTO-2023-12-25-22-22-19.jpg\" alt=\"\" class=\"wp-image-147\" srcset=\"https:\/\/ergo-daheim.ch\/wp-content\/uploads\/2024\/02\/PHOTO-2023-12-25-22-22-19.jpg 768w, https:\/\/ergo-daheim.ch\/wp-content\/uploads\/2024\/02\/PHOTO-2023-12-25-22-22-19-225x300.jpg 225w\" sizes=\"auto, (max-width: 768px) 100vw, 768px\" \/><\/figure>\n\n\n\n<p>Schwerpunkte:&nbsp;<\/p>\n\n\n\n<p>P\u00e4diatrie &#8211; Entwicklungsr\u00fcckst\u00e4nde, Wahrnehmung, Grob- und Feinmotorik, Graphomotorik, Zerebralparesen, Mehrfachbehinderungen, etc.&nbsp;<\/p>\n\n\n\n<p>Neurologie inklusive Hilfsmittel-, Arbeitsplatz- und Hausabkl\u00e4rungen und Hirnleistungstraining.&nbsp;<\/p>\n\n\n\n<p>Erwachsene mit K\u00f6rper-, geistigen- und Mehrfachbehinderungen.&nbsp;<\/p>\n\n\n\n<p>Ess- und Schluckst\u00f6rungen&nbsp;<\/p>\n\n\n\n<p>Einfache Handverletzungen ohne Schienenbau, etc.<\/p>\n\n\n\n<h3 class=\"wp-block-heading has-base-color has-light-green-cyan-background-color has-text-color has-background\">Sie bestimmen die T\u00e4tigkeit die f\u00fcr Sie wichtig und von Bedeutung ist.<br>Ich finde&nbsp;Wege mit Ihnen diese Ziele sinnvoll umzusetzen und zu trainieren.<\/h3>\n\n\n\n<figure class=\"wp-block-image size-full\"><img loading=\"lazy\" decoding=\"async\" width=\"945\" height=\"943\" src=\"https:\/\/ergo-daheim.ch\/wp-content\/uploads\/2023\/08\/boot.jpg\" alt=\"\" class=\"wp-image-58\" srcset=\"https:\/\/ergo-daheim.ch\/wp-content\/uploads\/2023\/08\/boot.jpg 945w, https:\/\/ergo-daheim.ch\/wp-content\/uploads\/2023\/08\/boot-300x300.jpg 300w, https:\/\/ergo-daheim.ch\/wp-content\/uploads\/2023\/08\/boot-150x150.jpg 150w, https:\/\/ergo-daheim.ch\/wp-content\/uploads\/2023\/08\/boot-768x766.jpg 768w\" sizes=\"auto, (max-width: 945px) 100vw, 945px\" \/><\/figure>\n\n\n\n<p>Meine fr\u00fcheren Arbeitspl\u00e4tze<\/p>\n\n\n\n<ul class=\"wp-block-list\">\n<li>Kantonsspital Basel, Abteilung f\u00fcr Handrehabilitation&nbsp;<\/li>\n\n\n\n<li>Rotes Kreuz Baselland&nbsp;<\/li>\n\n\n\n<li>Schulheim Leiern&nbsp;<\/li>\n\n\n\n<li>Wohn- und B\u00fcro Zentrum (WBZ) Reinach&nbsp;<\/li>\n\n\n\n<li>Spital Laufen&nbsp;<br><\/li>\n<\/ul>\n\n\n\n<p>Ich freue mich auf eine gute Zusammenarbeit und Zuweisungen.<\/p>\n\n\n\n<p>Aus administrativen Gr\u00fcnden versenden wir die Kopien der Patientenrechnungen ausschliesslich auf elektronischem Weg (E-Mail gesichert via HIN). Eine entsprechende Einverst\u00e4ndniserkl\u00e4rung lassen wir bei der ersten Behandlung ausf\u00fcllen.<\/p>\n","protected":false},"excerpt":{"rendered":"<p>Seit 1999&nbsp;arbeite ich als selbstst\u00e4ndige Ergotherapeutin Meine Praxis ist rollstuhlg\u00e4ngig. Parkpl\u00e4tze sind direkt vor der Praxis vorhanden. Fachgebiete: P\u00e4diatrie, Kinderbobath Kurs, Neurologie, Ess- und Schlucktraining, Geriatrie, Einfache Handverletzungen ohne Schienenbau Sie bestimmen die T\u00e4tigkeit die f\u00fcr Sie wichtig und von Bedeutung ist. Ich finde Wege mit Ihnen diese Ziele sinnvoll umzusetzen und zu trainieren. Einsatzgebiet: [&hellip;]<\/p>\n","protected":false},"author":1,"featured_media":0,"parent":0,"menu_order":0,"comment_status":"closed","ping_status":"closed","template":"","meta":{"footnotes":""},"class_list":["post-14","page","type-page","status-publish","hentry"],"_links":{"self":[{"href":"https:\/\/ergo-daheim.ch\/index.php?rest_route=\/wp\/v2\/pages\/14","targetHints":{"allow":["GET"]}}],"collection":[{"href":"https:\/\/ergo-daheim.ch\/index.php?rest_route=\/wp\/v2\/pages"}],"about":[{"href":"https:\/\/ergo-daheim.ch\/index.php?rest_route=\/wp\/v2\/types\/page"}],"author":[{"embeddable":true,"href":"https:\/\/ergo-daheim.ch\/index.php?rest_route=\/wp\/v2\/users\/1"}],"replies":[{"embeddable":true,"href":"https:\/\/ergo-daheim.ch\/index.php?rest_route=%2Fwp%2Fv2%2Fcomments&post=14"}],"version-history":[{"count":4,"href":"https:\/\/ergo-daheim.ch\/index.php?rest_route=\/wp\/v2\/pages\/14\/revisions"}],"predecessor-version":[{"id":159,"href":"https:\/\/ergo-daheim.ch\/index.php?rest_route=\/wp\/v2\/pages\/14\/revisions\/159"}],"wp:attachment":[{"href":"https:\/\/ergo-daheim.ch\/index.php?rest_route=%2Fwp%2Fv2%2Fmedia&parent=14"}],"curies":[{"name":"wp","href":"https:\/\/api.w.org\/{rel}","templated":true}]}}