{"id":15,"date":"2023-08-28T15:12:31","date_gmt":"2023-08-28T15:12:31","guid":{"rendered":"https:\/\/ergo.hochulisolution.ch\/?page_id=15"},"modified":"2024-02-08T13:11:55","modified_gmt":"2024-02-08T13:11:55","slug":"neurofeedback","status":"publish","type":"page","link":"https:\/\/ergo-daheim.ch\/?page_id=15","title":{"rendered":"Neurofeedback"},"content":{"rendered":"\n<div class=\"wp-block-columns is-layout-flex wp-container-core-columns-is-layout-28f84493 wp-block-columns-is-layout-flex\">\n<div class=\"wp-block-column is-layout-flow wp-block-column-is-layout-flow\" style=\"flex-basis:50%\">\n<figure class=\"wp-block-image size-full is-resized\"><img loading=\"lazy\" decoding=\"async\" width=\"231\" height=\"313\" src=\"https:\/\/ergo-daheim.ch\/wp-content\/uploads\/2023\/08\/flyer_3.jpg\" alt=\"\" class=\"wp-image-67\" style=\"width:314px;height:425px\" srcset=\"https:\/\/ergo-daheim.ch\/wp-content\/uploads\/2023\/08\/flyer_3.jpg 231w, https:\/\/ergo-daheim.ch\/wp-content\/uploads\/2023\/08\/flyer_3-221x300.jpg 221w\" sizes=\"auto, (max-width: 231px) 100vw, 231px\" \/><\/figure>\n<\/div>\n\n\n\n<div class=\"wp-block-column is-layout-flow wp-block-column-is-layout-flow\" style=\"flex-basis:50%\">\n<p>Neurofeedback kann bei diesen Beschwerden erfolgreich sein:&nbsp;<\/p>\n\n\n\n<ul class=\"wp-block-list\">\n<li>Aufmerksamkeitsst\u00f6rung<\/li>\n\n\n\n<li>Schlafst\u00f6rung<\/li>\n\n\n\n<li>\u00dcberempfindlichkeit (Sinne, Verhalten, Emotion)<\/li>\n\n\n\n<li>Chronischer Schmerz<\/li>\n\n\n\n<li>Angstst\u00f6rung<\/li>\n\n\n\n<li>Migr\u00e4ne<\/li>\n\n\n\n<li>Depression<\/li>\n\n\n\n<li>Hirnleistungsst\u00f6rung verschiedener Ursachen<\/li>\n\n\n\n<li>AD(H)S<\/li>\n\n\n\n<li>Fibromyalgie<\/li>\n<\/ul>\n<\/div>\n<\/div>\n\n\n\n<p>Beim Neurofeedback werden Gehirnstromkurven (EEG-Wellen) von einem Computer in Echtzeit analysiert und auf einem Computerbildschirm dargestellt. Durch die gezielte Elektrodenplatzierung, Bestimmung der geeigneten Frequenz und Auswahl des passenden Feedbacks ist es m\u00f6glich, durch R\u00fcckmeldung des eigenen Hirnstrommusters eine bessere Selbstregulation zu erreichen. Wir k\u00f6nnen so dem Gehirn bei der Arbeit zusehen.&nbsp;<\/p>\n\n\n\n<p>Die gelernten Ver\u00e4nderungen werden vom Programm aufgezeichnet und durch regelm\u00e4ssige Wiederholung der \u00dcbung k\u00f6nnen die Beschwerden gelindert oder beseitigt werden.&nbsp;<\/p>\n\n\n\n<p>F\u00fcr das Neurofeedback braucht es keine h\u00f6heren kognitiven F\u00e4higkeiten oder Sprache. Es k\u00f6nnen also auch Kinder oder geistig Behinderte vom Neurofeedback profitieren.<\/p>\n\n\n\n<div class=\"wp-block-columns is-layout-flex wp-container-core-columns-is-layout-28f84493 wp-block-columns-is-layout-flex\">\n<div class=\"wp-block-column is-layout-flow wp-block-column-is-layout-flow\">\n<figure class=\"wp-block-gallery has-nested-images columns-default wp-block-gallery-1 is-layout-flex wp-block-gallery-is-layout-flex\">\n<figure class=\"wp-block-image size-large\"><img loading=\"lazy\" decoding=\"async\" width=\"199\" height=\"160\" data-id=\"68\" src=\"https:\/\/ergo-daheim.ch\/wp-content\/uploads\/2023\/08\/flyer_1.jpg\" alt=\"\" class=\"wp-image-68\"\/><\/figure>\n\n\n\n<figure class=\"wp-block-image aligncenter size-large\"><img loading=\"lazy\" decoding=\"async\" width=\"300\" height=\"315\" data-id=\"69\" src=\"https:\/\/ergo-daheim.ch\/wp-content\/uploads\/2023\/08\/flyer_4.jpg\" alt=\"\" class=\"wp-image-69\" srcset=\"https:\/\/ergo-daheim.ch\/wp-content\/uploads\/2023\/08\/flyer_4.jpg 300w, https:\/\/ergo-daheim.ch\/wp-content\/uploads\/2023\/08\/flyer_4-286x300.jpg 286w\" sizes=\"auto, (max-width: 300px) 100vw, 300px\" \/><\/figure>\n\n\n\n<figure class=\"wp-block-image size-large\"><img loading=\"lazy\" decoding=\"async\" width=\"668\" height=\"1024\" data-id=\"70\" src=\"https:\/\/ergo-daheim.ch\/wp-content\/uploads\/2023\/08\/graphic-668x1024.jpg\" alt=\"\" class=\"wp-image-70\" srcset=\"https:\/\/ergo-daheim.ch\/wp-content\/uploads\/2023\/08\/graphic-668x1024.jpg 668w, https:\/\/ergo-daheim.ch\/wp-content\/uploads\/2023\/08\/graphic-196x300.jpg 196w, https:\/\/ergo-daheim.ch\/wp-content\/uploads\/2023\/08\/graphic-768x1177.jpg 768w, https:\/\/ergo-daheim.ch\/wp-content\/uploads\/2023\/08\/graphic.jpg 945w\" sizes=\"auto, (max-width: 668px) 100vw, 668px\" \/><\/figure>\n<\/figure>\n<\/div>\n<\/div>\n\n\n\n<figure class=\"wp-block-image size-large\"><img loading=\"lazy\" decoding=\"async\" width=\"768\" height=\"1024\" src=\"https:\/\/ergo-daheim.ch\/wp-content\/uploads\/2024\/02\/IMG_1115-1-min-768x1024.jpg\" alt=\"\" class=\"wp-image-146\" srcset=\"https:\/\/ergo-daheim.ch\/wp-content\/uploads\/2024\/02\/IMG_1115-1-min-768x1024.jpg 768w, https:\/\/ergo-daheim.ch\/wp-content\/uploads\/2024\/02\/IMG_1115-1-min-225x300.jpg 225w, https:\/\/ergo-daheim.ch\/wp-content\/uploads\/2024\/02\/IMG_1115-1-min-1152x1536.jpg 1152w, https:\/\/ergo-daheim.ch\/wp-content\/uploads\/2024\/02\/IMG_1115-1-min-1536x2048.jpg 1536w, https:\/\/ergo-daheim.ch\/wp-content\/uploads\/2024\/02\/IMG_1115-1-min-scaled.jpg 1920w\" sizes=\"auto, (max-width: 768px) 100vw, 768px\" \/><\/figure>\n\n\n\n<p class=\"has-base-color has-light-green-cyan-background-color has-text-color has-background\">Eine der wichtigsten Aufgaben des Gehirns ist, in geeigneter Weise auf die Umwelt zu reagieren.<br>Durch Krankheit kann es passieren, dass unser Gehirn eine &#171;falsche&#187; Reaktion lernt.<br>Neurofeedback kann helfen die Reaktion wieder zu normalisieren.<\/p>\n\n\n\n<p>Im 2016 habe ich den Einf\u00fchrungskurs in Theorie und Praxis des Neurofeedbacks nach der Othmer-Methode absolviert.&nbsp;<\/p>\n\n\n\n<p>Im 2017 folgte Neurofeedback bei PTBS.&nbsp;<\/p>\n\n\n\n<p>Im 2018 habe&nbsp;ich am Fortgeschrittenen Kurs teilgenommen.<\/p>\n\n\n\n<p>Seither j\u00e4hrliche Weiterbildungen mit verschiedenen Schwerpunkten.<\/p>\n\n\n\n<p>Ich konnte selbst erleben wie es mir mit chronischen Schmerzen geholfen hat.<\/p>\n\n\n\n<p>Weitere Informationen zu Neurofeedback und Therapeutensuche finden Sie unter:&nbsp; <a rel=\"noreferrer noopener\" href=\"https:\/\/www.eeginfo-europe.com\/de\" target=\"_blank\">eeginfo<\/a><\/p>\n\n\n\n<p><\/p>\n","protected":false},"excerpt":{"rendered":"<p>Neurofeedback kann bei diesen Beschwerden erfolgreich sein:&nbsp; Beim Neurofeedback werden Gehirnstromkurven (EEG-Wellen) von einem Computer in Echtzeit analysiert und auf einem Computerbildschirm dargestellt. Durch die gezielte Elektrodenplatzierung, Bestimmung der geeigneten Frequenz und Auswahl des passenden Feedbacks ist es m\u00f6glich, durch R\u00fcckmeldung des eigenen Hirnstrommusters eine bessere Selbstregulation zu erreichen. Wir k\u00f6nnen so dem Gehirn bei [&hellip;]<\/p>\n","protected":false},"author":1,"featured_media":0,"parent":0,"menu_order":0,"comment_status":"closed","ping_status":"closed","template":"","meta":{"footnotes":""},"class_list":["post-15","page","type-page","status-publish","hentry"],"_links":{"self":[{"href":"https:\/\/ergo-daheim.ch\/index.php?rest_route=\/wp\/v2\/pages\/15","targetHints":{"allow":["GET"]}}],"collection":[{"href":"https:\/\/ergo-daheim.ch\/index.php?rest_route=\/wp\/v2\/pages"}],"about":[{"href":"https:\/\/ergo-daheim.ch\/index.php?rest_route=\/wp\/v2\/types\/page"}],"author":[{"embeddable":true,"href":"https:\/\/ergo-daheim.ch\/index.php?rest_route=\/wp\/v2\/users\/1"}],"replies":[{"embeddable":true,"href":"https:\/\/ergo-daheim.ch\/index.php?rest_route=%2Fwp%2Fv2%2Fcomments&post=15"}],"version-history":[{"count":4,"href":"https:\/\/ergo-daheim.ch\/index.php?rest_route=\/wp\/v2\/pages\/15\/revisions"}],"predecessor-version":[{"id":151,"href":"https:\/\/ergo-daheim.ch\/index.php?rest_route=\/wp\/v2\/pages\/15\/revisions\/151"}],"wp:attachment":[{"href":"https:\/\/ergo-daheim.ch\/index.php?rest_route=%2Fwp%2Fv2%2Fmedia&parent=15"}],"curies":[{"name":"wp","href":"https:\/\/api.w.org\/{rel}","templated":true}]}}