{"id":16,"date":"2023-08-28T15:15:25","date_gmt":"2023-08-28T15:15:25","guid":{"rendered":"https:\/\/ergo.hochulisolution.ch\/?page_id=16"},"modified":"2024-02-08T13:19:30","modified_gmt":"2024-02-08T13:19:30","slug":"ueber-mich","status":"publish","type":"page","link":"https:\/\/ergo-daheim.ch\/?page_id=16","title":{"rendered":"\u00dcber mich"},"content":{"rendered":"\n<p>Darf ich mich kurz vorstellen?<\/p>\n\n\n\n<p>Nach meiner Ausbildung zur Ergotherapeutin B.Sc. habe ich mich schwerpunktm\u00e4ssig im Kantonspital Basel, beim Roten Kreuz und im WBZ Reinach weitergebildet.<\/p>\n\n\n\n<p>Im Jahre 1999 er\u00f6ffnete ich meine Praxis f\u00fcr Ergotherapie. In der Ergotherapie biete ich seither Behandlungen f\u00fcr neurologische Probleme bei Erwachsenen und Kindern an. Im geriatrischen Bereich bin ich ebenfalls t\u00e4tig.&nbsp;<\/p>\n\n\n\n<p>Zus\u00e4tzlich besch\u00e4ftige ich mich seit 2015 mit dem Thema Neurofeedback und besuche j\u00e4hrlich mehrt\u00e4gige Seminare und Kurse, um a jour zu sein und dann die neuesten wissenschaftlichen Erkenntnisse in meiner Praxis anwenden zu k\u00f6nnen. Neurofeedback basiert auf der Erkenntnis, dass jeder Mensch lernen kann, seine Hirnaktivit\u00e4ten zu steuern.<\/p>\n\n\n\n<p>Meine Kundinnen und Kunden behandle ich nach der Othmer Methode. Neurofeedback-Konsultationen&nbsp;f\u00fchre ich ausschliesslich in meiner rollstuhlg\u00e4ngigen Praxis in Bretzwil durch. Bretzwil liegt 20 Autominuten von Laufen, Reinach, Liestal und Waldenburg entfernt.<\/p>\n\n\n\n<p>Bei allen anderen Behandlungsangeboten komme ich auch gerne zu den Patienten nach Hause oder zu den Institutionen.<\/p>\n\n\n\n<p>Kristina Runyon<\/p>\n\n\n\n<div class=\"wp-block-columns is-layout-flex wp-container-core-columns-is-layout-28f84493 wp-block-columns-is-layout-flex\">\n<div class=\"wp-block-column is-layout-flow wp-block-column-is-layout-flow\" style=\"flex-basis:33.34%\">\n<figure class=\"wp-block-image size-full\"><img loading=\"lazy\" decoding=\"async\" width=\"768\" height=\"1024\" src=\"https:\/\/ergo-daheim.ch\/wp-content\/uploads\/2024\/02\/PHOTO-2024-01-27-20-50-21.jpg\" alt=\"\" class=\"wp-image-155\" srcset=\"https:\/\/ergo-daheim.ch\/wp-content\/uploads\/2024\/02\/PHOTO-2024-01-27-20-50-21.jpg 768w, https:\/\/ergo-daheim.ch\/wp-content\/uploads\/2024\/02\/PHOTO-2024-01-27-20-50-21-225x300.jpg 225w\" sizes=\"auto, (max-width: 768px) 100vw, 768px\" \/><\/figure>\n<\/div>\n\n\n\n<div class=\"wp-block-column is-layout-flow wp-block-column-is-layout-flow\" style=\"flex-basis:33.34%\"><\/div>\n\n\n\n<div class=\"wp-block-column is-layout-flow wp-block-column-is-layout-flow\" style=\"flex-basis:33.33%\"><\/div>\n<\/div>\n\n\n\n<p>Kurse<\/p>\n\n\n\n<ul class=\"wp-block-list\">\n<li>Kinder-Bobath&nbsp;<\/li>\n\n\n\n<li>Diverse Ess- und Schlucktherapie Kurse&nbsp;<\/li>\n\n\n\n<li>TouchLife Massageausbildung&nbsp;<\/li>\n\n\n\n<li>Neurofeedback<\/li>\n<\/ul>\n\n\n\n<p class=\"has-base-color has-light-green-cyan-background-color has-text-color has-background\">Was ich mag:<br>Schnecken, Pusteblumen, Meine Aussicht zu Hause, Meinen Hund Sinatra, Kochen, Lesen, Wandern, Reisen, Picknicken, Fremde Kulturen, Meinen Sohn&nbsp;<\/p>\n\n\n\n<p class=\"has-base-color has-vivid-green-cyan-background-color has-text-color has-background\">Was ich nicht mag:<br>L\u00fcgen, Vergleichen, Versp\u00e4tungen, Putzen, Tauben<\/p>\n\n\n\n<figure class=\"wp-block-gallery has-nested-images columns-6 wp-block-gallery-1 is-layout-flex wp-block-gallery-is-layout-flex\">\n<figure data-wp-context=\"{&quot;imageId&quot;:&quot;69e376d78311a&quot;}\" data-wp-interactive=\"core\/image\" data-wp-key=\"69e376d78311a\" class=\"wp-block-image size-medium wp-lightbox-container\"><img loading=\"lazy\" decoding=\"async\" width=\"225\" height=\"300\" data-wp-class--hide=\"state.isContentHidden\" data-wp-class--show=\"state.isContentVisible\" data-wp-init=\"callbacks.setButtonStyles\" data-wp-on--click=\"actions.showLightbox\" data-wp-on--load=\"callbacks.setButtonStyles\" data-wp-on-window--resize=\"callbacks.setButtonStyles\" data-id=\"147\" src=\"https:\/\/ergo-daheim.ch\/wp-content\/uploads\/2024\/02\/PHOTO-2023-12-25-22-22-19-225x300.jpg\" alt=\"\" class=\"wp-image-147\" srcset=\"https:\/\/ergo-daheim.ch\/wp-content\/uploads\/2024\/02\/PHOTO-2023-12-25-22-22-19-225x300.jpg 225w, https:\/\/ergo-daheim.ch\/wp-content\/uploads\/2024\/02\/PHOTO-2023-12-25-22-22-19.jpg 768w\" sizes=\"auto, (max-width: 225px) 100vw, 225px\" \/><button\n\t\t\tclass=\"lightbox-trigger\"\n\t\t\ttype=\"button\"\n\t\t\taria-haspopup=\"dialog\"\n\t\t\taria-label=\"Vergr\u00f6ssern\"\n\t\t\tdata-wp-init=\"callbacks.initTriggerButton\"\n\t\t\tdata-wp-on--click=\"actions.showLightbox\"\n\t\t\tdata-wp-style--right=\"state.imageButtonRight\"\n\t\t\tdata-wp-style--top=\"state.imageButtonTop\"\n\t\t>\n\t\t\t<svg xmlns=\"http:\/\/www.w3.org\/2000\/svg\" width=\"12\" height=\"12\" fill=\"none\" viewBox=\"0 0 12 12\">\n\t\t\t\t<path fill=\"#fff\" d=\"M2 0a2 2 0 0 0-2 2v2h1.5V2a.5.5 0 0 1 .5-.5h2V0H2Zm2 10.5H2a.5.5 0 0 1-.5-.5V8H0v2a2 2 0 0 0 2 2h2v-1.5ZM8 12v-1.5h2a.5.5 0 0 0 .5-.5V8H12v2a2 2 0 0 1-2 2H8Zm2-12a2 2 0 0 1 2 2v2h-1.5V2a.5.5 0 0 0-.5-.5H8V0h2Z\" \/>\n\t\t\t<\/svg>\n\t\t<\/button><\/figure>\n\n\n\n<figure class=\"wp-block-image size-large\"><img loading=\"lazy\" decoding=\"async\" width=\"945\" height=\"709\" data-id=\"91\" src=\"https:\/\/ergo-daheim.ch\/wp-content\/uploads\/2023\/08\/hund.jpg\" alt=\"\" class=\"wp-image-91\" srcset=\"https:\/\/ergo-daheim.ch\/wp-content\/uploads\/2023\/08\/hund.jpg 945w, https:\/\/ergo-daheim.ch\/wp-content\/uploads\/2023\/08\/hund-300x225.jpg 300w, https:\/\/ergo-daheim.ch\/wp-content\/uploads\/2023\/08\/hund-768x576.jpg 768w\" sizes=\"auto, (max-width: 945px) 100vw, 945px\" \/><\/figure>\n\n\n\n<figure class=\"wp-block-image size-large\"><img loading=\"lazy\" decoding=\"async\" width=\"480\" height=\"640\" data-id=\"115\" src=\"https:\/\/ergo-daheim.ch\/wp-content\/uploads\/2023\/08\/schnecke.jpg\" alt=\"\" class=\"wp-image-115\" srcset=\"https:\/\/ergo-daheim.ch\/wp-content\/uploads\/2023\/08\/schnecke.jpg 480w, https:\/\/ergo-daheim.ch\/wp-content\/uploads\/2023\/08\/schnecke-225x300.jpg 225w\" sizes=\"auto, (max-width: 480px) 100vw, 480px\" \/><\/figure>\n\n\n\n<figure class=\"wp-block-image size-large\"><img loading=\"lazy\" decoding=\"async\" width=\"454\" height=\"302\" data-id=\"90\" src=\"https:\/\/ergo-daheim.ch\/wp-content\/uploads\/2023\/08\/home_office.jpg\" alt=\"\" class=\"wp-image-90\" srcset=\"https:\/\/ergo-daheim.ch\/wp-content\/uploads\/2023\/08\/home_office.jpg 454w, https:\/\/ergo-daheim.ch\/wp-content\/uploads\/2023\/08\/home_office-300x200.jpg 300w\" sizes=\"auto, (max-width: 454px) 100vw, 454px\" \/><\/figure>\n\n\n\n<figure class=\"wp-block-image size-large\"><img loading=\"lazy\" decoding=\"async\" width=\"1024\" height=\"683\" data-id=\"145\" src=\"https:\/\/ergo-daheim.ch\/wp-content\/uploads\/2024\/02\/DSC_0876-1024x683.jpg\" alt=\"\" class=\"wp-image-145\" srcset=\"https:\/\/ergo-daheim.ch\/wp-content\/uploads\/2024\/02\/DSC_0876-1024x683.jpg 1024w, https:\/\/ergo-daheim.ch\/wp-content\/uploads\/2024\/02\/DSC_0876-300x200.jpg 300w, https:\/\/ergo-daheim.ch\/wp-content\/uploads\/2024\/02\/DSC_0876-768x512.jpg 768w, https:\/\/ergo-daheim.ch\/wp-content\/uploads\/2024\/02\/DSC_0876-1536x1024.jpg 1536w, https:\/\/ergo-daheim.ch\/wp-content\/uploads\/2024\/02\/DSC_0876.jpg 1620w\" sizes=\"auto, (max-width: 1024px) 100vw, 1024px\" \/><\/figure>\n\n\n\n<figure class=\"wp-block-image size-large\"><img loading=\"lazy\" decoding=\"async\" width=\"945\" height=\"709\" data-id=\"89\" src=\"https:\/\/ergo-daheim.ch\/wp-content\/uploads\/2023\/08\/home-1.jpg\" alt=\"\" class=\"wp-image-89\" srcset=\"https:\/\/ergo-daheim.ch\/wp-content\/uploads\/2023\/08\/home-1.jpg 945w, https:\/\/ergo-daheim.ch\/wp-content\/uploads\/2023\/08\/home-1-300x225.jpg 300w, https:\/\/ergo-daheim.ch\/wp-content\/uploads\/2023\/08\/home-1-768x576.jpg 768w\" sizes=\"auto, (max-width: 945px) 100vw, 945px\" \/><\/figure>\n\n\n\n<figure class=\"wp-block-image size-large\"><img loading=\"lazy\" decoding=\"async\" width=\"945\" height=\"943\" data-id=\"58\" src=\"https:\/\/ergo-daheim.ch\/wp-content\/uploads\/2023\/08\/boot.jpg\" alt=\"\" class=\"wp-image-58\" srcset=\"https:\/\/ergo-daheim.ch\/wp-content\/uploads\/2023\/08\/boot.jpg 945w, https:\/\/ergo-daheim.ch\/wp-content\/uploads\/2023\/08\/boot-300x300.jpg 300w, https:\/\/ergo-daheim.ch\/wp-content\/uploads\/2023\/08\/boot-150x150.jpg 150w, https:\/\/ergo-daheim.ch\/wp-content\/uploads\/2023\/08\/boot-768x766.jpg 768w\" sizes=\"auto, (max-width: 945px) 100vw, 945px\" \/><\/figure>\n\n\n\n<figure class=\"wp-block-image size-large\"><img loading=\"lazy\" decoding=\"async\" width=\"1024\" height=\"683\" data-id=\"144\" src=\"https:\/\/ergo-daheim.ch\/wp-content\/uploads\/2024\/02\/DSC_0021-1024x683.jpg\" alt=\"\" class=\"wp-image-144\" srcset=\"https:\/\/ergo-daheim.ch\/wp-content\/uploads\/2024\/02\/DSC_0021-1024x683.jpg 1024w, https:\/\/ergo-daheim.ch\/wp-content\/uploads\/2024\/02\/DSC_0021-300x200.jpg 300w, https:\/\/ergo-daheim.ch\/wp-content\/uploads\/2024\/02\/DSC_0021-768x512.jpg 768w, https:\/\/ergo-daheim.ch\/wp-content\/uploads\/2024\/02\/DSC_0021-1536x1024.jpg 1536w, https:\/\/ergo-daheim.ch\/wp-content\/uploads\/2024\/02\/DSC_0021.jpg 1620w\" sizes=\"auto, (max-width: 1024px) 100vw, 1024px\" \/><\/figure>\n\n\n\n<figure class=\"wp-block-image size-large\"><img loading=\"lazy\" decoding=\"async\" width=\"945\" height=\"709\" data-id=\"92\" src=\"https:\/\/ergo-daheim.ch\/wp-content\/uploads\/2023\/08\/hund_2.jpg\" alt=\"\" class=\"wp-image-92\" srcset=\"https:\/\/ergo-daheim.ch\/wp-content\/uploads\/2023\/08\/hund_2.jpg 945w, https:\/\/ergo-daheim.ch\/wp-content\/uploads\/2023\/08\/hund_2-300x225.jpg 300w, https:\/\/ergo-daheim.ch\/wp-content\/uploads\/2023\/08\/hund_2-768x576.jpg 768w\" sizes=\"auto, (max-width: 945px) 100vw, 945px\" \/><\/figure>\n\n\n\n<figure class=\"wp-block-image size-large\"><img loading=\"lazy\" decoding=\"async\" width=\"302\" height=\"454\" data-id=\"94\" src=\"https:\/\/ergo-daheim.ch\/wp-content\/uploads\/2023\/08\/loewenzahn.jpg\" alt=\"\" class=\"wp-image-94\" srcset=\"https:\/\/ergo-daheim.ch\/wp-content\/uploads\/2023\/08\/loewenzahn.jpg 302w, https:\/\/ergo-daheim.ch\/wp-content\/uploads\/2023\/08\/loewenzahn-200x300.jpg 200w\" sizes=\"auto, (max-width: 302px) 100vw, 302px\" \/><\/figure>\n\n\n\n<figure class=\"wp-block-image size-large\"><img loading=\"lazy\" decoding=\"async\" width=\"1024\" height=\"683\" data-id=\"142\" src=\"https:\/\/ergo-daheim.ch\/wp-content\/uploads\/2024\/02\/DSC_0049-1024x683.jpg\" alt=\"\" class=\"wp-image-142\" srcset=\"https:\/\/ergo-daheim.ch\/wp-content\/uploads\/2024\/02\/DSC_0049-1024x683.jpg 1024w, https:\/\/ergo-daheim.ch\/wp-content\/uploads\/2024\/02\/DSC_0049-300x200.jpg 300w, https:\/\/ergo-daheim.ch\/wp-content\/uploads\/2024\/02\/DSC_0049-768x512.jpg 768w, https:\/\/ergo-daheim.ch\/wp-content\/uploads\/2024\/02\/DSC_0049-1536x1024.jpg 1536w, https:\/\/ergo-daheim.ch\/wp-content\/uploads\/2024\/02\/DSC_0049.jpg 1620w\" sizes=\"auto, (max-width: 1024px) 100vw, 1024px\" \/><\/figure>\n\n\n\n<figure class=\"wp-block-image size-large\"><img loading=\"lazy\" decoding=\"async\" width=\"945\" height=\"1010\" data-id=\"101\" src=\"https:\/\/ergo-daheim.ch\/wp-content\/uploads\/2023\/08\/portait_mit_hund_2.jpg\" alt=\"\" class=\"wp-image-101\" srcset=\"https:\/\/ergo-daheim.ch\/wp-content\/uploads\/2023\/08\/portait_mit_hund_2.jpg 945w, https:\/\/ergo-daheim.ch\/wp-content\/uploads\/2023\/08\/portait_mit_hund_2-281x300.jpg 281w, https:\/\/ergo-daheim.ch\/wp-content\/uploads\/2023\/08\/portait_mit_hund_2-768x821.jpg 768w\" sizes=\"auto, (max-width: 945px) 100vw, 945px\" \/><\/figure>\n\n\n\n<figure class=\"wp-block-image size-large\"><img loading=\"lazy\" decoding=\"async\" width=\"454\" height=\"302\" data-id=\"106\" src=\"https:\/\/ergo-daheim.ch\/wp-content\/uploads\/2023\/08\/portrait_hund.jpg\" alt=\"\" class=\"wp-image-106\" srcset=\"https:\/\/ergo-daheim.ch\/wp-content\/uploads\/2023\/08\/portrait_hund.jpg 454w, https:\/\/ergo-daheim.ch\/wp-content\/uploads\/2023\/08\/portrait_hund-300x200.jpg 300w\" sizes=\"auto, (max-width: 454px) 100vw, 454px\" \/><\/figure>\n\n\n\n<figure class=\"wp-block-image size-large\"><img loading=\"lazy\" decoding=\"async\" width=\"454\" height=\"302\" data-id=\"108\" src=\"https:\/\/ergo-daheim.ch\/wp-content\/uploads\/2023\/08\/portrait_hund_3.jpg\" alt=\"\" class=\"wp-image-108\" srcset=\"https:\/\/ergo-daheim.ch\/wp-content\/uploads\/2023\/08\/portrait_hund_3.jpg 454w, https:\/\/ergo-daheim.ch\/wp-content\/uploads\/2023\/08\/portrait_hund_3-300x200.jpg 300w\" sizes=\"auto, (max-width: 454px) 100vw, 454px\" \/><\/figure>\n\n\n\n<figure class=\"wp-block-image size-large\"><img loading=\"lazy\" decoding=\"async\" width=\"302\" height=\"454\" data-id=\"110\" src=\"https:\/\/ergo-daheim.ch\/wp-content\/uploads\/2023\/08\/portrait_mit_hund_4.jpg\" alt=\"\" class=\"wp-image-110\" srcset=\"https:\/\/ergo-daheim.ch\/wp-content\/uploads\/2023\/08\/portrait_mit_hund_4.jpg 302w, https:\/\/ergo-daheim.ch\/wp-content\/uploads\/2023\/08\/portrait_mit_hund_4-200x300.jpg 200w\" sizes=\"auto, (max-width: 302px) 100vw, 302px\" \/><\/figure>\n\n\n\n<figure class=\"wp-block-image size-large\"><img loading=\"lazy\" decoding=\"async\" width=\"454\" height=\"302\" data-id=\"112\" src=\"https:\/\/ergo-daheim.ch\/wp-content\/uploads\/2023\/08\/portrait_mit_hund_6.jpg\" alt=\"\" class=\"wp-image-112\" srcset=\"https:\/\/ergo-daheim.ch\/wp-content\/uploads\/2023\/08\/portrait_mit_hund_6.jpg 454w, https:\/\/ergo-daheim.ch\/wp-content\/uploads\/2023\/08\/portrait_mit_hund_6-300x200.jpg 300w\" sizes=\"auto, (max-width: 454px) 100vw, 454px\" \/><\/figure>\n\n\n\n<figure class=\"wp-block-image size-large\"><img loading=\"lazy\" decoding=\"async\" width=\"454\" height=\"302\" data-id=\"114\" src=\"https:\/\/ergo-daheim.ch\/wp-content\/uploads\/2023\/08\/portrait_mit_hund_8.jpg\" alt=\"\" class=\"wp-image-114\" srcset=\"https:\/\/ergo-daheim.ch\/wp-content\/uploads\/2023\/08\/portrait_mit_hund_8.jpg 454w, https:\/\/ergo-daheim.ch\/wp-content\/uploads\/2023\/08\/portrait_mit_hund_8-300x200.jpg 300w\" sizes=\"auto, (max-width: 454px) 100vw, 454px\" \/><\/figure>\n\n\n\n<figure class=\"wp-block-image size-large\"><img loading=\"lazy\" decoding=\"async\" width=\"945\" height=\"709\" data-id=\"117\" src=\"https:\/\/ergo-daheim.ch\/wp-content\/uploads\/2023\/08\/with_jean.jpg\" alt=\"\" class=\"wp-image-117\" srcset=\"https:\/\/ergo-daheim.ch\/wp-content\/uploads\/2023\/08\/with_jean.jpg 945w, https:\/\/ergo-daheim.ch\/wp-content\/uploads\/2023\/08\/with_jean-300x225.jpg 300w, https:\/\/ergo-daheim.ch\/wp-content\/uploads\/2023\/08\/with_jean-768x576.jpg 768w\" sizes=\"auto, (max-width: 945px) 100vw, 945px\" \/><\/figure>\n\n\n\n<figure class=\"wp-block-image size-large\"><img loading=\"lazy\" decoding=\"async\" width=\"768\" height=\"1024\" data-id=\"146\" src=\"https:\/\/ergo-daheim.ch\/wp-content\/uploads\/2024\/02\/IMG_1115-1-min-768x1024.jpg\" alt=\"\" class=\"wp-image-146\" srcset=\"https:\/\/ergo-daheim.ch\/wp-content\/uploads\/2024\/02\/IMG_1115-1-min-768x1024.jpg 768w, https:\/\/ergo-daheim.ch\/wp-content\/uploads\/2024\/02\/IMG_1115-1-min-225x300.jpg 225w, https:\/\/ergo-daheim.ch\/wp-content\/uploads\/2024\/02\/IMG_1115-1-min-1152x1536.jpg 1152w, https:\/\/ergo-daheim.ch\/wp-content\/uploads\/2024\/02\/IMG_1115-1-min-1536x2048.jpg 1536w, https:\/\/ergo-daheim.ch\/wp-content\/uploads\/2024\/02\/IMG_1115-1-min-scaled.jpg 1920w\" sizes=\"auto, (max-width: 768px) 100vw, 768px\" \/><\/figure>\n\n\n\n<figure class=\"wp-block-image size-large\"><img loading=\"lazy\" decoding=\"async\" width=\"1024\" height=\"683\" data-id=\"143\" src=\"https:\/\/ergo-daheim.ch\/wp-content\/uploads\/2024\/02\/DSC_1201-1024x683.jpg\" alt=\"\" class=\"wp-image-143\" srcset=\"https:\/\/ergo-daheim.ch\/wp-content\/uploads\/2024\/02\/DSC_1201-1024x683.jpg 1024w, https:\/\/ergo-daheim.ch\/wp-content\/uploads\/2024\/02\/DSC_1201-300x200.jpg 300w, https:\/\/ergo-daheim.ch\/wp-content\/uploads\/2024\/02\/DSC_1201-768x512.jpg 768w, https:\/\/ergo-daheim.ch\/wp-content\/uploads\/2024\/02\/DSC_1201-1536x1024.jpg 1536w, https:\/\/ergo-daheim.ch\/wp-content\/uploads\/2024\/02\/DSC_1201.jpg 1620w\" sizes=\"auto, (max-width: 1024px) 100vw, 1024px\" \/><\/figure>\n\n\n\n<figure class=\"wp-block-image size-large\"><img loading=\"lazy\" decoding=\"async\" width=\"1024\" height=\"768\" data-id=\"140\" src=\"https:\/\/ergo-daheim.ch\/wp-content\/uploads\/2024\/02\/IMG_5285-1024x768.jpg\" alt=\"\" class=\"wp-image-140\" srcset=\"https:\/\/ergo-daheim.ch\/wp-content\/uploads\/2024\/02\/IMG_5285-1024x768.jpg 1024w, https:\/\/ergo-daheim.ch\/wp-content\/uploads\/2024\/02\/IMG_5285-300x225.jpg 300w, https:\/\/ergo-daheim.ch\/wp-content\/uploads\/2024\/02\/IMG_5285-768x576.jpg 768w, https:\/\/ergo-daheim.ch\/wp-content\/uploads\/2024\/02\/IMG_5285-1536x1152.jpg 1536w, https:\/\/ergo-daheim.ch\/wp-content\/uploads\/2024\/02\/IMG_5285-2048x1536.jpg 2048w\" sizes=\"auto, (max-width: 1024px) 100vw, 1024px\" \/><\/figure>\n<\/figure>\n\n\n\n<p>Mitglied im Posamenter Verein Bretzwil.<\/p>\n\n\n\n<p>Posamente ist eine Sammelbezeichnung f\u00fcr schm\u00fcckende Geflechte, wie Zierb\u00e4nder, gewebte Borten, Fransenborten. Der alte, elektrische Webstuhl steht im Dorf und wird von uns gewartet und im Schuss gehalten.<\/p>\n\n\n\n<p>Ich spreche fliessend Deutsch und Englisch.<\/p>\n\n\n\n<figure class=\"wp-block-gallery has-nested-images columns-default is-cropped wp-block-gallery-2 is-layout-flex wp-block-gallery-is-layout-flex\">\n<figure class=\"wp-block-image size-large\"><img loading=\"lazy\" decoding=\"async\" width=\"210\" height=\"320\" data-id=\"93\" src=\"https:\/\/ergo-daheim.ch\/wp-content\/uploads\/2023\/08\/image002.jpg\" alt=\"\" class=\"wp-image-93\" srcset=\"https:\/\/ergo-daheim.ch\/wp-content\/uploads\/2023\/08\/image002.jpg 210w, https:\/\/ergo-daheim.ch\/wp-content\/uploads\/2023\/08\/image002-197x300.jpg 197w\" sizes=\"auto, (max-width: 210px) 100vw, 210px\" \/><\/figure>\n\n\n\n<figure class=\"wp-block-image size-large\"><img loading=\"lazy\" decoding=\"async\" width=\"1024\" height=\"768\" data-id=\"96\" src=\"https:\/\/ergo-daheim.ch\/wp-content\/uploads\/2023\/08\/p1110212-1024x768.jpg\" alt=\"\" class=\"wp-image-96\" srcset=\"https:\/\/ergo-daheim.ch\/wp-content\/uploads\/2023\/08\/p1110212-1024x768.jpg 1024w, https:\/\/ergo-daheim.ch\/wp-content\/uploads\/2023\/08\/p1110212-300x225.jpg 300w, https:\/\/ergo-daheim.ch\/wp-content\/uploads\/2023\/08\/p1110212-768x576.jpg 768w, https:\/\/ergo-daheim.ch\/wp-content\/uploads\/2023\/08\/p1110212-1536x1152.jpg 1536w, https:\/\/ergo-daheim.ch\/wp-content\/uploads\/2023\/08\/p1110212-2048x1536.jpg 2048w\" sizes=\"auto, (max-width: 1024px) 100vw, 1024px\" \/><\/figure>\n\n\n\n<figure class=\"wp-block-image size-large\"><img loading=\"lazy\" decoding=\"async\" width=\"945\" height=\"709\" data-id=\"116\" src=\"https:\/\/ergo-daheim.ch\/wp-content\/uploads\/2023\/08\/weben.jpg\" alt=\"\" class=\"wp-image-116\" srcset=\"https:\/\/ergo-daheim.ch\/wp-content\/uploads\/2023\/08\/weben.jpg 945w, https:\/\/ergo-daheim.ch\/wp-content\/uploads\/2023\/08\/weben-300x225.jpg 300w, https:\/\/ergo-daheim.ch\/wp-content\/uploads\/2023\/08\/weben-768x576.jpg 768w\" sizes=\"auto, (max-width: 945px) 100vw, 945px\" \/><\/figure>\n<\/figure>\n","protected":false},"excerpt":{"rendered":"<p>Darf ich mich kurz vorstellen? Nach meiner Ausbildung zur Ergotherapeutin B.Sc. habe ich mich schwerpunktm\u00e4ssig im Kantonspital Basel, beim Roten Kreuz und im WBZ Reinach weitergebildet. Im Jahre 1999 er\u00f6ffnete ich meine Praxis f\u00fcr Ergotherapie. In der Ergotherapie biete ich seither Behandlungen f\u00fcr neurologische Probleme bei Erwachsenen und Kindern an. Im geriatrischen Bereich bin ich [&hellip;]<\/p>\n","protected":false},"author":1,"featured_media":0,"parent":0,"menu_order":0,"comment_status":"closed","ping_status":"closed","template":"","meta":{"footnotes":""},"class_list":["post-16","page","type-page","status-publish","hentry"],"_links":{"self":[{"href":"https:\/\/ergo-daheim.ch\/index.php?rest_route=\/wp\/v2\/pages\/16","targetHints":{"allow":["GET"]}}],"collection":[{"href":"https:\/\/ergo-daheim.ch\/index.php?rest_route=\/wp\/v2\/pages"}],"about":[{"href":"https:\/\/ergo-daheim.ch\/index.php?rest_route=\/wp\/v2\/types\/page"}],"author":[{"embeddable":true,"href":"https:\/\/ergo-daheim.ch\/index.php?rest_route=\/wp\/v2\/users\/1"}],"replies":[{"embeddable":true,"href":"https:\/\/ergo-daheim.ch\/index.php?rest_route=%2Fwp%2Fv2%2Fcomments&post=16"}],"version-history":[{"count":6,"href":"https:\/\/ergo-daheim.ch\/index.php?rest_route=\/wp\/v2\/pages\/16\/revisions"}],"predecessor-version":[{"id":157,"href":"https:\/\/ergo-daheim.ch\/index.php?rest_route=\/wp\/v2\/pages\/16\/revisions\/157"}],"wp:attachment":[{"href":"https:\/\/ergo-daheim.ch\/index.php?rest_route=%2Fwp%2Fv2%2Fmedia&parent=16"}],"curies":[{"name":"wp","href":"https:\/\/api.w.org\/{rel}","templated":true}]}}